{"id":3752,"date":"2014-09-02T18:01:03","date_gmt":"2014-09-02T18:01:03","guid":{"rendered":"http:\/\/www.altiplanico.cl\/?page_id=3752"},"modified":"2015-06-04T17:50:34","modified_gmt":"2015-06-04T17:50:34","slug":"localizacao","status":"publish","type":"page","link":"https:\/\/www.altiplanico.cl\/pt-br\/altiplanico-santiago-3\/localizacao\/","title":{"rendered":"Localiza\u00e7\u00e3o"},"content":{"rendered":"<h2>Localiza\u00e7\u00e3o<\/h2>\n<p>Situado, no centro cultural e art\u00edstico da regi\u00e3o metropolitana, longe da monotonia que oferecem as capitais, o nosso hotel encontra-se em frente ao Museu Nacional de Belas Arte e do grandioso Parque Florestal. Com uma localiza\u00e7\u00e3o ideal, apenas a um quarteir\u00e3o do Metro Belas Artes, os nossos h\u00f3spedes podem desfrutar de todas as atra\u00e7\u00f5es que oferecem as grandes cidades num ambiente tranquilo. Serenidade e Comodidade tamb\u00e9m ser\u00e1 parte de sua experiencia no Altiplanico.<\/p>\n<h2>O Bairro<\/h2>\n<p><strong>Cultura, Gastronomia e Divers\u00e3o<\/strong> est\u00e3o apenas a um passo. Os espa\u00e7os verdes do Bairro Bellas Artes e o estilo Bo\u00e9mio do Bairro Lastarria s\u00e3o lugares de visitas ideais para os turistas. In\u00fameras atra\u00e7\u00f5es est\u00e3o concentradas neste o\u00e1sis urbano; v\u00e1rios monumentos hist\u00f3ricos, museus e teatros, restaurantes, bares e caf\u00e9s, lojas, livrarias e galerias de arte, feiras de artesanato, antiguidades e muito mais. Rodeado por belas colinas como as colinas de Santa Lucia e colinas de San Crist\u00f3bal, os nossos viajantes poder\u00e3o desfrutar de uma vista panor\u00e2mica ao ar livre de toda a cidade.<\/p>\n<p><a href=\"http:\/\/www.altiplanico.cl\/wp-content\/uploads\/2014\/07\/mapa-bellas-artes.png\"><img loading=\"lazy\" decoding=\"async\" class=\"alignnone size-full wp-image-3594\" src=\"http:\/\/www.altiplanico.cl\/wp-content\/uploads\/2014\/07\/mapa-bellas-artes.png\" alt=\"mapa-bellas-artes\" width=\"1000\" height=\"714\" srcset=\"https:\/\/www.altiplanico.cl\/wp-content\/uploads\/2014\/07\/mapa-bellas-artes.png 1000w, https:\/\/www.altiplanico.cl\/wp-content\/uploads\/2014\/07\/mapa-bellas-artes-300x214.png 300w\" sizes=\"auto, (max-width: 1000px) 100vw, 1000px\" \/><\/a><\/p>\n\n","protected":false},"excerpt":{"rendered":"<p>Localiza\u00e7\u00e3o Situado, no centro cultural e art\u00edstico da regi\u00e3o metropolitana, longe da monotonia que oferecem as capitais, o nosso hotel encontra-se em frente ao Museu Nacional de Belas Arte e do grandioso Parque Florestal. Com uma localiza\u00e7\u00e3o ideal, apenas a um quarteir\u00e3o do Metro Belas Artes, os nossos h\u00f3spedes podem desfrutar de todas as atra\u00e7\u00f5es [&hellip;]<\/p>\n","protected":false},"author":3,"featured_media":3502,"parent":3748,"menu_order":0,"comment_status":"closed","ping_status":"open","template":"a-santiago.php","meta":{"footnotes":""},"class_list":["post-3752","page","type-page","status-publish","has-post-thumbnail","hentry"],"_links":{"self":[{"href":"https:\/\/www.altiplanico.cl\/pt-br\/wp-json\/wp\/v2\/pages\/3752","targetHints":{"allow":["GET"]}}],"collection":[{"href":"https:\/\/www.altiplanico.cl\/pt-br\/wp-json\/wp\/v2\/pages"}],"about":[{"href":"https:\/\/www.altiplanico.cl\/pt-br\/wp-json\/wp\/v2\/types\/page"}],"author":[{"embeddable":true,"href":"https:\/\/www.altiplanico.cl\/pt-br\/wp-json\/wp\/v2\/users\/3"}],"replies":[{"embeddable":true,"href":"https:\/\/www.altiplanico.cl\/pt-br\/wp-json\/wp\/v2\/comments?post=3752"}],"version-history":[{"count":0,"href":"https:\/\/www.altiplanico.cl\/pt-br\/wp-json\/wp\/v2\/pages\/3752\/revisions"}],"up":[{"embeddable":true,"href":"https:\/\/www.altiplanico.cl\/pt-br\/wp-json\/wp\/v2\/pages\/3748"}],"wp:featuredmedia":[{"embeddable":true,"href":"https:\/\/www.altiplanico.cl\/pt-br\/wp-json\/wp\/v2\/media\/3502"}],"wp:attachment":[{"href":"https:\/\/www.altiplanico.cl\/pt-br\/wp-json\/wp\/v2\/media?parent=3752"}],"curies":[{"name":"wp","href":"https:\/\/api.w.org\/{rel}","templated":true}]}}