{"id":3751,"date":"2014-09-02T17:58:51","date_gmt":"2014-09-02T17:58:51","guid":{"rendered":"http:\/\/www.altiplanico.cl\/?page_id=3751"},"modified":"2015-05-04T17:48:52","modified_gmt":"2015-05-04T17:48:52","slug":"servicos-e-instalacoes","status":"publish","type":"page","link":"https:\/\/www.altiplanico.cl\/pt-br\/altiplanico-santiago-3\/servicos-e-instalacoes\/","title":{"rendered":"Servi\u00e7os E Instala\u00e7\u00f5es"},"content":{"rendered":"<ul>\n<li>Buffet de pequeno-almo\u00e7o<\/li>\n<li>\u00a0Bar<\/li>\n<li>Hora de ch\u00e1 &amp; caf\u00e9<\/li>\n<li>Sala de estar com lareira e computadores dispon\u00edveis<\/li>\n<li>2 P\u00e1tios interiores<\/li>\n<li>Rece\u00e7\u00e3o bilingue, aberta 24h<\/li>\n<li>Equipa treinada para satisfazer as expectativas de nossos h\u00f3spedes<\/li>\n<li>Servi\u00e7o de Porteiro<\/li>\n<li>Servi\u00e7o de Lavandaria<\/li>\n<li>Servi\u00e7o de Despertar<\/li>\n<li>Servi\u00e7o de guarda<\/li>\n<li>Servi\u00e7o de bagageiro<\/li>\n<li>Elevador<\/li>\n<li>Hotel N\u00e3o fumador<\/li>\n<li>Check in: 15hh00 \/\/ Check out 12h00<\/li>\n<\/ul>\n<p>&nbsp;<\/p>\n","protected":false},"excerpt":{"rendered":"<p>Buffet de pequeno-almo\u00e7o \u00a0Bar Hora de ch\u00e1 &amp; caf\u00e9 Sala de estar com lareira e computadores dispon\u00edveis 2 P\u00e1tios interiores Rece\u00e7\u00e3o bilingue, aberta 24h Equipa treinada para satisfazer as expectativas de nossos h\u00f3spedes Servi\u00e7o de Porteiro Servi\u00e7o de Lavandaria Servi\u00e7o de Despertar Servi\u00e7o de guarda Servi\u00e7o de bagageiro Elevador Hotel N\u00e3o fumador Check in: 15hh00 [&hellip;]<\/p>\n","protected":false},"author":3,"featured_media":6851,"parent":3748,"menu_order":0,"comment_status":"closed","ping_status":"open","template":"a-santiago.php","meta":{"footnotes":""},"class_list":["post-3751","page","type-page","status-publish","has-post-thumbnail","hentry"],"_links":{"self":[{"href":"https:\/\/www.altiplanico.cl\/pt-br\/wp-json\/wp\/v2\/pages\/3751","targetHints":{"allow":["GET"]}}],"collection":[{"href":"https:\/\/www.altiplanico.cl\/pt-br\/wp-json\/wp\/v2\/pages"}],"about":[{"href":"https:\/\/www.altiplanico.cl\/pt-br\/wp-json\/wp\/v2\/types\/page"}],"author":[{"embeddable":true,"href":"https:\/\/www.altiplanico.cl\/pt-br\/wp-json\/wp\/v2\/users\/3"}],"replies":[{"embeddable":true,"href":"https:\/\/www.altiplanico.cl\/pt-br\/wp-json\/wp\/v2\/comments?post=3751"}],"version-history":[{"count":0,"href":"https:\/\/www.altiplanico.cl\/pt-br\/wp-json\/wp\/v2\/pages\/3751\/revisions"}],"up":[{"embeddable":true,"href":"https:\/\/www.altiplanico.cl\/pt-br\/wp-json\/wp\/v2\/pages\/3748"}],"wp:featuredmedia":[{"embeddable":true,"href":"https:\/\/www.altiplanico.cl\/pt-br\/wp-json\/wp\/v2\/media\/6851"}],"wp:attachment":[{"href":"https:\/\/www.altiplanico.cl\/pt-br\/wp-json\/wp\/v2\/media?parent=3751"}],"curies":[{"name":"wp","href":"https:\/\/api.w.org\/{rel}","templated":true}]}}