{"id":3750,"date":"2014-09-02T17:56:08","date_gmt":"2014-09-02T17:56:08","guid":{"rendered":"http:\/\/www.altiplanico.cl\/?page_id=3750"},"modified":"2020-02-17T14:51:21","modified_gmt":"2020-02-17T14:51:21","slug":"quartos-e-suites","status":"publish","type":"page","link":"https:\/\/www.altiplanico.cl\/pt-br\/altiplanico-santiago-3\/quartos-e-suites\/","title":{"rendered":"Quartos e su\u00edtes"},"content":{"rendered":"<p>O nosso Hotel tem 4 pisos. Projetado com 24 quartos incluindo 6 Su\u00edtes:<\/p>\n<ul>\n<li>9 S\u00e3o quartos padr\u00f5es de 22 m2 com vista para o p\u00e1tio interior<\/li>\n<li>6 Quartos superiores de 27 m2 com vista para o p\u00e1tio<\/li>\n<li>3 Quartos superiores de 27 m2 com vista para o parque<\/li>\n<li>6 Suites de 32-40 m2 com vista para o parque<\/li>\n<li>5 Quartos est\u00e3o habilitadas para pessoas deficientes, 3 padr\u00e3o e 2 superior.<\/li>\n<\/ul>\n<div class=\"alt-gallery\"><a class=\"alt-gallery-item\" href=\"\/wp-content\/gallery\/bellas-rates-hab\/IMG_8378-Edit.jpg\" data-lightbox=\"alt-gallery\"><img decoding=\"async\" src=\"\/wp-content\/gallery\/bellas-rates-hab\/IMG_8378-Edit.jpg\" alt=\"IMG_8378-Edit.jpg\" loading=\"lazy\"><\/a><a class=\"alt-gallery-item\" href=\"\/wp-content\/gallery\/bellas-rates-hab\/IMG_8389-Edit-Edit.jpg\" data-lightbox=\"alt-gallery\"><img decoding=\"async\" src=\"\/wp-content\/gallery\/bellas-rates-hab\/IMG_8389-Edit-Edit.jpg\" alt=\"IMG_8389-Edit-Edit.jpg\" loading=\"lazy\"><\/a><a class=\"alt-gallery-item\" href=\"\/wp-content\/gallery\/bellas-rates-hab\/IMG_8401.jpg\" data-lightbox=\"alt-gallery\"><img decoding=\"async\" src=\"\/wp-content\/gallery\/bellas-rates-hab\/IMG_8401.jpg\" alt=\"IMG_8401.jpg\" loading=\"lazy\"><\/a><a class=\"alt-gallery-item\" href=\"\/wp-content\/gallery\/bellas-rates-hab\/IMG_8404.jpg\" data-lightbox=\"alt-gallery\"><img decoding=\"async\" src=\"\/wp-content\/gallery\/bellas-rates-hab\/IMG_8404.jpg\" alt=\"IMG_8404.jpg\" loading=\"lazy\"><\/a><a class=\"alt-gallery-item\" href=\"\/wp-content\/gallery\/bellas-rates-hab\/IMG_8407-Edit.jpg\" data-lightbox=\"alt-gallery\"><img decoding=\"async\" src=\"\/wp-content\/gallery\/bellas-rates-hab\/IMG_8407-Edit.jpg\" alt=\"IMG_8407-Edit.jpg\" loading=\"lazy\"><\/a><a class=\"alt-gallery-item\" href=\"\/wp-content\/gallery\/bellas-rates-hab\/IMG_8413.jpg\" data-lightbox=\"alt-gallery\"><img decoding=\"async\" src=\"\/wp-content\/gallery\/bellas-rates-hab\/IMG_8413.jpg\" alt=\"IMG_8413.jpg\" loading=\"lazy\"><\/a><a class=\"alt-gallery-item\" href=\"\/wp-content\/gallery\/bellas-rates-hab\/IMG_8416-Edit.jpg\" data-lightbox=\"alt-gallery\"><img decoding=\"async\" src=\"\/wp-content\/gallery\/bellas-rates-hab\/IMG_8416-Edit.jpg\" alt=\"IMG_8416-Edit.jpg\" loading=\"lazy\"><\/a><a class=\"alt-gallery-item\" href=\"\/wp-content\/gallery\/bellas-rates-hab\/IMG_8426-Edit.jpg\" data-lightbox=\"alt-gallery\"><img decoding=\"async\" src=\"\/wp-content\/gallery\/bellas-rates-hab\/IMG_8426-Edit.jpg\" alt=\"IMG_8426-Edit.jpg\" loading=\"lazy\"><\/a><a class=\"alt-gallery-item\" href=\"\/wp-content\/gallery\/bellas-rates-hab\/IMG_8434-Edit.jpg\" data-lightbox=\"alt-gallery\"><img decoding=\"async\" src=\"\/wp-content\/gallery\/bellas-rates-hab\/IMG_8434-Edit.jpg\" alt=\"IMG_8434-Edit.jpg\" loading=\"lazy\"><\/a><a class=\"alt-gallery-item\" href=\"\/wp-content\/gallery\/bellas-rates-hab\/IMG_8444-Edit.jpg\" data-lightbox=\"alt-gallery\"><img decoding=\"async\" src=\"\/wp-content\/gallery\/bellas-rates-hab\/IMG_8444-Edit.jpg\" alt=\"IMG_8444-Edit.jpg\" loading=\"lazy\"><\/a><a class=\"alt-gallery-item\" href=\"\/wp-content\/gallery\/bellas-rates-hab\/IMG_8449.jpg\" data-lightbox=\"alt-gallery\"><img decoding=\"async\" src=\"\/wp-content\/gallery\/bellas-rates-hab\/IMG_8449.jpg\" alt=\"IMG_8449.jpg\" loading=\"lazy\"><\/a><a class=\"alt-gallery-item\" href=\"\/wp-content\/gallery\/bellas-rates-hab\/IMG_8453-Edit.jpg\" data-lightbox=\"alt-gallery\"><img decoding=\"async\" src=\"\/wp-content\/gallery\/bellas-rates-hab\/IMG_8453-Edit.jpg\" alt=\"IMG_8453-Edit.jpg\" loading=\"lazy\"><\/a><a class=\"alt-gallery-item\" href=\"\/wp-content\/gallery\/bellas-rates-hab\/IMG_8468-Edit.jpg\" data-lightbox=\"alt-gallery\"><img decoding=\"async\" src=\"\/wp-content\/gallery\/bellas-rates-hab\/IMG_8468-Edit.jpg\" alt=\"IMG_8468-Edit.jpg\" loading=\"lazy\"><\/a><a class=\"alt-gallery-item\" href=\"\/wp-content\/gallery\/bellas-rates-hab\/IMG_8479.jpg\" data-lightbox=\"alt-gallery\"><img decoding=\"async\" src=\"\/wp-content\/gallery\/bellas-rates-hab\/IMG_8479.jpg\" alt=\"IMG_8479.jpg\" loading=\"lazy\"><\/a><a class=\"alt-gallery-item\" href=\"\/wp-content\/gallery\/bellas-rates-hab\/IMG_8483-Edit.jpg\" data-lightbox=\"alt-gallery\"><img decoding=\"async\" src=\"\/wp-content\/gallery\/bellas-rates-hab\/IMG_8483-Edit.jpg\" alt=\"IMG_8483-Edit.jpg\" loading=\"lazy\"><\/a><a class=\"alt-gallery-item\" href=\"\/wp-content\/gallery\/bellas-rates-hab\/IMG_8486-Edit.jpg\" data-lightbox=\"alt-gallery\"><img decoding=\"async\" src=\"\/wp-content\/gallery\/bellas-rates-hab\/IMG_8486-Edit.jpg\" alt=\"IMG_8486-Edit.jpg\" loading=\"lazy\"><\/a><a class=\"alt-gallery-item\" href=\"\/wp-content\/gallery\/bellas-rates-hab\/IMG_8497.jpg\" data-lightbox=\"alt-gallery\"><img decoding=\"async\" src=\"\/wp-content\/gallery\/bellas-rates-hab\/IMG_8497.jpg\" alt=\"IMG_8497.jpg\" loading=\"lazy\"><\/a><a class=\"alt-gallery-item\" href=\"\/wp-content\/gallery\/bellas-rates-hab\/IMG_8501-Edit.jpg\" data-lightbox=\"alt-gallery\"><img decoding=\"async\" src=\"\/wp-content\/gallery\/bellas-rates-hab\/IMG_8501-Edit.jpg\" alt=\"IMG_8501-Edit.jpg\" loading=\"lazy\"><\/a><a class=\"alt-gallery-item\" href=\"\/wp-content\/gallery\/bellas-rates-hab\/IMG_8504-Edit.jpg\" data-lightbox=\"alt-gallery\"><img decoding=\"async\" src=\"\/wp-content\/gallery\/bellas-rates-hab\/IMG_8504-Edit.jpg\" alt=\"IMG_8504-Edit.jpg\" loading=\"lazy\"><\/a><a class=\"alt-gallery-item\" href=\"\/wp-content\/gallery\/bellas-rates-hab\/IMG_8512.jpg\" data-lightbox=\"alt-gallery\"><img decoding=\"async\" src=\"\/wp-content\/gallery\/bellas-rates-hab\/IMG_8512.jpg\" alt=\"IMG_8512.jpg\" loading=\"lazy\"><\/a><a class=\"alt-gallery-item\" href=\"\/wp-content\/gallery\/bellas-rates-hab\/IMG_8519.jpg\" data-lightbox=\"alt-gallery\"><img decoding=\"async\" src=\"\/wp-content\/gallery\/bellas-rates-hab\/IMG_8519.jpg\" alt=\"IMG_8519.jpg\" loading=\"lazy\"><\/a><a class=\"alt-gallery-item\" href=\"\/wp-content\/gallery\/bellas-rates-hab\/IMG_8525.jpg\" data-lightbox=\"alt-gallery\"><img decoding=\"async\" src=\"\/wp-content\/gallery\/bellas-rates-hab\/IMG_8525.jpg\" alt=\"IMG_8525.jpg\" loading=\"lazy\"><\/a><a class=\"alt-gallery-item\" href=\"\/wp-content\/gallery\/bellas-rates-hab\/IMG_8529-Edit.jpg\" data-lightbox=\"alt-gallery\"><img decoding=\"async\" src=\"\/wp-content\/gallery\/bellas-rates-hab\/IMG_8529-Edit.jpg\" alt=\"IMG_8529-Edit.jpg\" loading=\"lazy\"><\/a><a class=\"alt-gallery-item\" href=\"\/wp-content\/gallery\/bellas-rates-hab\/IMG_8534-Edit.jpg\" data-lightbox=\"alt-gallery\"><img decoding=\"async\" src=\"\/wp-content\/gallery\/bellas-rates-hab\/IMG_8534-Edit.jpg\" alt=\"IMG_8534-Edit.jpg\" loading=\"lazy\"><\/a><a class=\"alt-gallery-item\" href=\"\/wp-content\/gallery\/bellas-rates-hab\/IMG_8545-Edit.jpg\" data-lightbox=\"alt-gallery\"><img decoding=\"async\" src=\"\/wp-content\/gallery\/bellas-rates-hab\/IMG_8545-Edit.jpg\" alt=\"IMG_8545-Edit.jpg\" loading=\"lazy\"><\/a><a class=\"alt-gallery-item\" href=\"\/wp-content\/gallery\/bellas-rates-hab\/IMG_8549-Edit.jpg\" data-lightbox=\"alt-gallery\"><img decoding=\"async\" src=\"\/wp-content\/gallery\/bellas-rates-hab\/IMG_8549-Edit.jpg\" alt=\"IMG_8549-Edit.jpg\" loading=\"lazy\"><\/a><a class=\"alt-gallery-item\" href=\"\/wp-content\/gallery\/bellas-rates-hab\/IMG_8564.jpg\" data-lightbox=\"alt-gallery\"><img decoding=\"async\" src=\"\/wp-content\/gallery\/bellas-rates-hab\/IMG_8564.jpg\" alt=\"IMG_8564.jpg\" loading=\"lazy\"><\/a><a class=\"alt-gallery-item\" href=\"\/wp-content\/gallery\/bellas-rates-hab\/IMG_8565-Edit.jpg\" data-lightbox=\"alt-gallery\"><img decoding=\"async\" src=\"\/wp-content\/gallery\/bellas-rates-hab\/IMG_8565-Edit.jpg\" alt=\"IMG_8565-Edit.jpg\" loading=\"lazy\"><\/a><a class=\"alt-gallery-item\" href=\"\/wp-content\/gallery\/bellas-rates-hab\/IMG_8579-Edit.jpg\" data-lightbox=\"alt-gallery\"><img decoding=\"async\" src=\"\/wp-content\/gallery\/bellas-rates-hab\/IMG_8579-Edit.jpg\" alt=\"IMG_8579-Edit.jpg\" loading=\"lazy\"><\/a><a class=\"alt-gallery-item\" href=\"\/wp-content\/gallery\/bellas-rates-hab\/IMG_8585-Edit.jpg\" data-lightbox=\"alt-gallery\"><img decoding=\"async\" src=\"\/wp-content\/gallery\/bellas-rates-hab\/IMG_8585-Edit.jpg\" alt=\"IMG_8585-Edit.jpg\" loading=\"lazy\"><\/a><a class=\"alt-gallery-item\" href=\"\/wp-content\/gallery\/bellas-rates-hab\/IMG_8591-Edit.jpg\" data-lightbox=\"alt-gallery\"><img decoding=\"async\" src=\"\/wp-content\/gallery\/bellas-rates-hab\/IMG_8591-Edit.jpg\" alt=\"IMG_8591-Edit.jpg\" loading=\"lazy\"><\/a><a class=\"alt-gallery-item\" href=\"\/wp-content\/gallery\/bellas-rates-hab\/IMG_8601-Edit.jpg\" data-lightbox=\"alt-gallery\"><img decoding=\"async\" src=\"\/wp-content\/gallery\/bellas-rates-hab\/IMG_8601-Edit.jpg\" alt=\"IMG_8601-Edit.jpg\" loading=\"lazy\"><\/a><a class=\"alt-gallery-item\" href=\"\/wp-content\/gallery\/bellas-rates-hab\/IMG_8645.jpg\" data-lightbox=\"alt-gallery\"><img decoding=\"async\" src=\"\/wp-content\/gallery\/bellas-rates-hab\/IMG_8645.jpg\" alt=\"IMG_8645.jpg\" loading=\"lazy\"><\/a><a class=\"alt-gallery-item\" href=\"\/wp-content\/gallery\/bellas-rates-hab\/IMG_8653.jpg\" data-lightbox=\"alt-gallery\"><img decoding=\"async\" src=\"\/wp-content\/gallery\/bellas-rates-hab\/IMG_8653.jpg\" alt=\"IMG_8653.jpg\" loading=\"lazy\"><\/a><a class=\"alt-gallery-item\" href=\"\/wp-content\/gallery\/bellas-rates-hab\/IMG_8661-Edit.jpg\" data-lightbox=\"alt-gallery\"><img decoding=\"async\" src=\"\/wp-content\/gallery\/bellas-rates-hab\/IMG_8661-Edit.jpg\" alt=\"IMG_8661-Edit.jpg\" loading=\"lazy\"><\/a><a class=\"alt-gallery-item\" href=\"\/wp-content\/gallery\/bellas-rates-hab\/IMG_8668.jpg\" data-lightbox=\"alt-gallery\"><img decoding=\"async\" src=\"\/wp-content\/gallery\/bellas-rates-hab\/IMG_8668.jpg\" alt=\"IMG_8668.jpg\" loading=\"lazy\"><\/a><\/div>\n<h2>Cada quarto oferece:<\/h2>\n<ul>\n<li>Camas de tamanho grande ou camas duplas<\/li>\n<li>Uma sala de estar nas Su\u00edtes<\/li>\n<li>&nbsp;Escrit\u00f3rio de trabalho<\/li>\n<li>TV Led 40 com cabo<\/li>\n<li>Casa de Banho privativa com cabine de duche<\/li>\n<li>Banheira dispon\u00edvel em algumas das nossas suites.<\/li>\n<li>Secador de cabelo<\/li>\n<li>Aquecimento e ar condicionado Individual<\/li>\n<li>Telefone com chamadas internacionais<\/li>\n<li>Mini Bar<\/li>\n<li>Acesso a Wifi gratuito de alta velocidade<\/li>\n<li>Cofre<\/li>\n<li>Maquina Nespresso<\/li>\n<li>Acesso com cart\u00e3o magn\u00e9tico<\/li>\n<li>Detector de fumo<\/li>\n<\/ul>\n","protected":false},"excerpt":{"rendered":"<p>O nosso Hotel tem 4 pisos. Projetado com 24 quartos incluindo 6 Su\u00edtes: 9 S\u00e3o quartos padr\u00f5es de 22 m2 com vista para o p\u00e1tio interior 6 Quartos superiores de 27 m2 com vista para o p\u00e1tio 3 Quartos superiores de 27 m2 com vista para o parque 6 Suites de 32-40 m2 com vista [&hellip;]<\/p>\n","protected":false},"author":3,"featured_media":6842,"parent":3748,"menu_order":0,"comment_status":"closed","ping_status":"open","template":"a-santiago.php","meta":{"footnotes":""},"class_list":["post-3750","page","type-page","status-publish","has-post-thumbnail","hentry"],"_links":{"self":[{"href":"https:\/\/www.altiplanico.cl\/pt-br\/wp-json\/wp\/v2\/pages\/3750","targetHints":{"allow":["GET"]}}],"collection":[{"href":"https:\/\/www.altiplanico.cl\/pt-br\/wp-json\/wp\/v2\/pages"}],"about":[{"href":"https:\/\/www.altiplanico.cl\/pt-br\/wp-json\/wp\/v2\/types\/page"}],"author":[{"embeddable":true,"href":"https:\/\/www.altiplanico.cl\/pt-br\/wp-json\/wp\/v2\/users\/3"}],"replies":[{"embeddable":true,"href":"https:\/\/www.altiplanico.cl\/pt-br\/wp-json\/wp\/v2\/comments?post=3750"}],"version-history":[{"count":0,"href":"https:\/\/www.altiplanico.cl\/pt-br\/wp-json\/wp\/v2\/pages\/3750\/revisions"}],"up":[{"embeddable":true,"href":"https:\/\/www.altiplanico.cl\/pt-br\/wp-json\/wp\/v2\/pages\/3748"}],"wp:featuredmedia":[{"embeddable":true,"href":"https:\/\/www.altiplanico.cl\/pt-br\/wp-json\/wp\/v2\/media\/6842"}],"wp:attachment":[{"href":"https:\/\/www.altiplanico.cl\/pt-br\/wp-json\/wp\/v2\/media?parent=3750"}],"curies":[{"name":"wp","href":"https:\/\/api.w.org\/{rel}","templated":true}]}}