{"id":3749,"date":"2014-09-02T17:39:32","date_gmt":"2014-09-02T17:39:32","guid":{"rendered":"http:\/\/www.altiplanico.cl\/?page_id=3749"},"modified":"2015-05-04T17:42:51","modified_gmt":"2015-05-04T17:42:51","slug":"arquitetura","status":"publish","type":"page","link":"https:\/\/www.altiplanico.cl\/pt-br\/altiplanico-santiago-3\/arquitetura\/","title":{"rendered":"Arquitetura"},"content":{"rendered":"<p>Os Hot\u00e9is Altiplanico oferecem um servi\u00e7o personalizado e excecional, s\u00e3o identificados pelo seu design interior criativo e sua arquitetura aut\u00eantica. Orlando Gatica, designer do Hotel Altiplanico Bellas Artes, segue a linha dos Hot\u00e9is Altiplanico e favorece um ambiente moderno em estilo Minimalista expressando o luxo na sua forma mais simples, linhas puras, espa\u00e7os luminosos, jogo de luz e transpar\u00eancia, m\u00f3veis das \u00faltimas tend\u00eancias, jardins interiores. Os amantes do design ficar\u00e3o fascinados com este novo projeto.<\/p>\n<p>Os Hot\u00e9is Altiplanico t\u00eam a preocupa\u00e7\u00e3o de unir o ambiente do bairro procurando difundir-se no espa\u00e7o com menor impacto visual. Altiplanico Bellas Artes renovou o interior de uma esplendida Casa Patrimonial do ano de 1909 de uma superf\u00edcie total de 1360 m2 preservando e conservando sua fachada e a sua hist\u00f3ria neste trimestre cultural. <\/p>\n","protected":false},"excerpt":{"rendered":"<p>Os Hot\u00e9is Altiplanico oferecem um servi\u00e7o personalizado e excecional, s\u00e3o identificados pelo seu design interior criativo e sua arquitetura aut\u00eantica. Orlando Gatica, designer do Hotel Altiplanico Bellas Artes, segue a linha dos Hot\u00e9is Altiplanico e favorece um ambiente moderno em estilo Minimalista expressando o luxo na sua forma mais simples, linhas puras, espa\u00e7os luminosos, jogo [&hellip;]<\/p>\n","protected":false},"author":3,"featured_media":6853,"parent":3748,"menu_order":0,"comment_status":"closed","ping_status":"open","template":"a-santiago.php","meta":{"footnotes":""},"class_list":["post-3749","page","type-page","status-publish","has-post-thumbnail","hentry"],"_links":{"self":[{"href":"https:\/\/www.altiplanico.cl\/pt-br\/wp-json\/wp\/v2\/pages\/3749","targetHints":{"allow":["GET"]}}],"collection":[{"href":"https:\/\/www.altiplanico.cl\/pt-br\/wp-json\/wp\/v2\/pages"}],"about":[{"href":"https:\/\/www.altiplanico.cl\/pt-br\/wp-json\/wp\/v2\/types\/page"}],"author":[{"embeddable":true,"href":"https:\/\/www.altiplanico.cl\/pt-br\/wp-json\/wp\/v2\/users\/3"}],"replies":[{"embeddable":true,"href":"https:\/\/www.altiplanico.cl\/pt-br\/wp-json\/wp\/v2\/comments?post=3749"}],"version-history":[{"count":0,"href":"https:\/\/www.altiplanico.cl\/pt-br\/wp-json\/wp\/v2\/pages\/3749\/revisions"}],"up":[{"embeddable":true,"href":"https:\/\/www.altiplanico.cl\/pt-br\/wp-json\/wp\/v2\/pages\/3748"}],"wp:featuredmedia":[{"embeddable":true,"href":"https:\/\/www.altiplanico.cl\/pt-br\/wp-json\/wp\/v2\/media\/6853"}],"wp:attachment":[{"href":"https:\/\/www.altiplanico.cl\/pt-br\/wp-json\/wp\/v2\/media?parent=3749"}],"curies":[{"name":"wp","href":"https:\/\/api.w.org\/{rel}","templated":true}]}}