{"id":3748,"date":"2014-09-02T17:38:07","date_gmt":"2014-09-02T17:38:07","guid":{"rendered":"http:\/\/www.altiplanico.cl\/?page_id=3748"},"modified":"2026-04-13T20:00:09","modified_gmt":"2026-04-13T20:00:09","slug":"altiplanico-santiago-3","status":"publish","type":"page","link":"https:\/\/www.altiplanico.cl\/pt-br\/altiplanico-santiago-3\/","title":{"rendered":"Altiplanico Santiago"},"content":{"rendered":"<p style=\"text-align: justify;\">Hotel Altiplanico em Santiago. Uma antiga mans\u00e3o patrimonial localizada a um quarteir\u00e3o da esta\u00e7\u00e3o de metr\u00f4 e em frente ao Museu Nacional de Belas Artes, no centro hist\u00f3rico de Santiago. O bairro conta com restaurantes da moda, bares, boutiques, lojas, museus, monumentos hist\u00f3ricos e pontos de interesse.<\/p>\n<p>O Design, a Localiza\u00e7\u00e3o e o Profissionalismo da nossa equipa oferece aos nossos visitantes uma experiencia \u00fanica e inesquec\u00edvel. O conceito de Hotel-casa convida-o a desfrutar cada momento da sua estadia libre de qualquer preocupa\u00e7\u00e3o. Equipamos o nosso Hotel com instala\u00e7\u00f5es de alta qualidade e das mais recentes tecnologias para proporcionar um conforto absoluto para todos os nossos clientes que viajam a neg\u00f3cios ou turismo.<\/p>\n","protected":false},"excerpt":{"rendered":"<p>Hotel Altiplanico em Santiago. Uma antiga mans\u00e3o patrimonial localizada a um quarteir\u00e3o da esta\u00e7\u00e3o de metr\u00f4 e em frente ao Museu Nacional de Belas Artes, no centro hist\u00f3rico de Santiago. O bairro conta com restaurantes da moda, bares, boutiques, lojas, museus, monumentos hist\u00f3ricos e pontos de interesse. O Design, a Localiza\u00e7\u00e3o e o Profissionalismo da [&hellip;]<\/p>\n","protected":false},"author":3,"featured_media":7043,"parent":0,"menu_order":0,"comment_status":"closed","ping_status":"open","template":"a-santiago.php","meta":{"footnotes":""},"class_list":["post-3748","page","type-page","status-publish","has-post-thumbnail","hentry"],"_links":{"self":[{"href":"https:\/\/www.altiplanico.cl\/pt-br\/wp-json\/wp\/v2\/pages\/3748","targetHints":{"allow":["GET"]}}],"collection":[{"href":"https:\/\/www.altiplanico.cl\/pt-br\/wp-json\/wp\/v2\/pages"}],"about":[{"href":"https:\/\/www.altiplanico.cl\/pt-br\/wp-json\/wp\/v2\/types\/page"}],"author":[{"embeddable":true,"href":"https:\/\/www.altiplanico.cl\/pt-br\/wp-json\/wp\/v2\/users\/3"}],"replies":[{"embeddable":true,"href":"https:\/\/www.altiplanico.cl\/pt-br\/wp-json\/wp\/v2\/comments?post=3748"}],"version-history":[{"count":1,"href":"https:\/\/www.altiplanico.cl\/pt-br\/wp-json\/wp\/v2\/pages\/3748\/revisions"}],"predecessor-version":[{"id":7731,"href":"https:\/\/www.altiplanico.cl\/pt-br\/wp-json\/wp\/v2\/pages\/3748\/revisions\/7731"}],"wp:featuredmedia":[{"embeddable":true,"href":"https:\/\/www.altiplanico.cl\/pt-br\/wp-json\/wp\/v2\/media\/7043"}],"wp:attachment":[{"href":"https:\/\/www.altiplanico.cl\/pt-br\/wp-json\/wp\/v2\/media?parent=3748"}],"curies":[{"name":"wp","href":"https:\/\/api.w.org\/{rel}","templated":true}]}}