{"id":3608,"date":"2014-08-19T19:38:11","date_gmt":"2014-08-19T19:38:11","guid":{"rendered":"http:\/\/www.altiplanico.cl\/?page_id=3608"},"modified":"2015-05-04T17:41:16","modified_gmt":"2015-05-04T17:41:16","slug":"patagonia","status":"publish","type":"page","link":"https:\/\/www.altiplanico.cl\/pt-br\/altiplanico-puerto-natales\/patagonia\/","title":{"rendered":"Patagonia"},"content":{"rendered":"<h2>Regi\u00e3o de Magallanes<\/h2>\n<p style=\"text-align: justify;\">Puerto Natales conta com diversas atra\u00e7\u00f5es, mas em todas elas predomina a sua beleza Patag\u00f3nica. Fazendas, montanhas, glaciares e fiordes oferecem uma infinidade de atividades ao ar livre, aventuras e excurs\u00f5es. Dentro das atividades destacamos a pesca, canoagem, passeios de bicicleta, navega\u00e7\u00e3o pelos fiordes e numerosas caminhadas. A vista desde a extensa costa, \u00e0s margens do canal Se\u00f1oret, convida a caminhar por ele, observando os cisnes de pesco\u00e7o negro, divertindo-se com impressionante p\u00f4r-do-sol de c\u00e9us vermelhos. Um lugar de natureza imponente que deixa maravilhado quem a oportunidade de andar pelo fim do mundo. Puerto Natales \u00e9 o ponto de partida ideal para descobrir las belas paisagens do Parque Nacional Torres del Paine, o Monumento Natural Cueva del Milod\u00f3n e o Parque Nacional los Glaciares.<\/p>\n<h2>Principais Atividades Tur\u00edsticas:<\/h2>\n<ol>\n<li>Dia Completo nas Torres del Paine: Passando pela milenaria Cueva del Milod\u00f3n e fazendo uma pequena paragem no Cerro Castillo se chega finalmente ao Parque Nacional Torres del Paine. O passeio inclui uma extensa viagem por um dos parques com paisagens mais deslumbrantes do mundo, acompanhado por uma abundante fauna composta por nandus, condores e raposas guanacos, entre outros.<\/li>\n<li>Navegar pelos Glaciares Balmaceda e Serrano: Embarcando em Puerto Natales inicia-se a navega\u00e7\u00e3o atrav\u00e9s do mar pelo Seno de la Ultima Esperanza. Divertindo-se com as paisagens, floresta e fauna abundante ao longo do caminho, finalmente se chega ao Monte Balmaceda onde se encontram os imponentes glaciares Balmaceda e Serrano.<\/li>\n<li>Dia completo em Perito Moreno: O glaciar Perito Moreno \u00e9 uma das atra\u00e7\u00f5es naturais mais importantes da Argentina. Not\u00e1vel pela sua enorme massa de gelo e despreendimento dos seus icebergs.<\/li>\n<li>Navegar pelo Lago Grey: O lago Grey conta com numerosos icebergs flutuando devido ao desprendimento do glaciar que leva o seu mesmo nome. Ao chegar \u00e1 parede frontal do imponente glaciar, pode-se desfrutar de um aperitivo milenar enquanto se deleita com a vista das maravilhosas paisagens.<\/li>\n<li>Passeio a cavalo em Dorotea: Passeios a cavalo de meio-dia ou dia completo pela colina Dorotea, para chegar finalmente ao pico com vistas impressionantes panor\u00e2micas da Patag\u00f3nia.<\/li>\n<li>Caminhada no gelo: Caminhada ao longo da borda do glaciar Grey.<\/li>\n<li>Caminhadas P.N. Torres del Paine: O Parque Nacional Torres del Paine oferece numerosos circuitos de caminhadas, de diferentes dura\u00e7\u00f5es e n\u00edveis de dificuldade para se adequar ao visitante.<\/li>\n<li>Pesca Desportiva: Realizada em diversos lagos e rios de Puerto Natales, destacando o Lago Toro, Maravilla e Porte\u00f1o.<\/li>\n<li>Canoagem: Existem diferentes rotas de caiaque para remar acompanhados por majestosas paisagens, cisnes de pesco\u00e7o preto, flamingos e diversas aves durante o trajeto. A rota mais conhecida encontra-se no Lago Grey e no Rio Grey.<\/li>\n<\/ol>\n<h2><strong>Empresas Tur\u00edsticas<\/strong><\/h2>\n<p>Turismo 21 de Mayo <a href=\"http:\/\/www.turismo21demayo.com\/\" target=\"_blank\">www.turismo21demayo.com<\/a><\/p>\n<p>Com 46 anos navegando na Patag\u00f3nia, Turismo 21 de Mayo, empresa l\u00edder em excurs\u00f5es aos glaciares Balmaceda, Serrano e Torres del Paine. Possui ainda a est\u00e2ncia tur\u00edstica Perales no fiorde Ultima Esperanza e a pousada Monto Balmaceda no parque nacional Bernardo O\u2019Higgins. O nosso conhecimento, capacidade t\u00e9cnica, infraestrutura e capital humano s\u00e3o garantia para disfrutar desta linda terra.<\/p>\n<p>Turismo Comapa <a href=\"http:\/\/www.comapa.com\/\" target=\"_blank\">www.comapa.com<\/a><\/p>\n<p>Somos um importante Operador tur\u00edstico da Patag\u00f3nia chilena e argentina. Estabelecidos desde 1964 na Regi\u00e3o de Magallanes e la Ant\u00e1rtica, possu\u00edmos uma vasta experiencia e profissionalismo nesta atividade, o que d\u00e1 uma garantia de servi\u00e7os para todos aqueles que nos visitam.<\/p>\n<p>Em qualquer modalidade de turismo, quer seja programas regulares e\/ou de aventura, Cruzeiros Mar\u00edtimos ou excurs\u00f5es.<\/p>\n<p>Tour Express\u00a0 <a href=\"http:\/\/www.tourexpress.cl\/\" target=\"_blank\">www.tourexpress.cl<\/a><\/p>\n<p>Somos uma empresa com mais de 15 anos no turismo e tem sidos caraterizados por seu constante crescimento e moderniza\u00e7\u00e3o, principalmente na nossa frota, com carros modernos, especialmente equipados, o qual nos permite garantir a excel\u00eancia do nosso servi\u00e7o a todo momento.<\/p>\n<p>Punta Alta <a href=\"http:\/\/www.puntaalta.cl\/\" target=\"_blank\">www.puntaalta.cl<\/a><\/p>\n<p>Operador tur\u00edstico, \u00e9 uma \u00a0Empresa\u00a0Patag\u00f3nica\u00a0de\u00a0capitais\u00a0Nacionais-Locais. \u00a0 E\u00a0cuja\u00a0a finalidade\u00a0\u00e9 a infraestrutura e \u00a0desenvolvimento de servi\u00e7os tur\u00edsticos na regi\u00e3o\u00a0de\u00a0Magallanes,\u00a0especificamente\u00a0na Prov\u00edncia\u00a0de\u00a0Ultima Esperanza, capital Puerto\u00a0Natales. Porta\u00a0de\u00a0entrada para a\u00a0espetacular\u00a0Parque\u00a0Nacional\u00a0Torres del Paine e\u00a0glaciares\u00a0que\u00a0o rodeiam.<\/p>\n<p>Adan Paredes, Passeio a cavaloa em Dorotea.<\/p>\n","protected":false},"excerpt":{"rendered":"<p>Regi\u00e3o de Magallanes Puerto Natales conta com diversas atra\u00e7\u00f5es, mas em todas elas predomina a sua beleza Patag\u00f3nica. Fazendas, montanhas, glaciares e fiordes oferecem uma infinidade de atividades ao ar livre, aventuras e excurs\u00f5es. Dentro das atividades destacamos a pesca, canoagem, passeios de bicicleta, navega\u00e7\u00e3o pelos fiordes e numerosas caminhadas. A vista desde a extensa [&hellip;]<\/p>\n","protected":false},"author":3,"featured_media":3606,"parent":1443,"menu_order":0,"comment_status":"closed","ping_status":"open","template":"a-natales.php","meta":{"footnotes":""},"class_list":["post-3608","page","type-page","status-publish","has-post-thumbnail","hentry"],"_links":{"self":[{"href":"https:\/\/www.altiplanico.cl\/pt-br\/wp-json\/wp\/v2\/pages\/3608","targetHints":{"allow":["GET"]}}],"collection":[{"href":"https:\/\/www.altiplanico.cl\/pt-br\/wp-json\/wp\/v2\/pages"}],"about":[{"href":"https:\/\/www.altiplanico.cl\/pt-br\/wp-json\/wp\/v2\/types\/page"}],"author":[{"embeddable":true,"href":"https:\/\/www.altiplanico.cl\/pt-br\/wp-json\/wp\/v2\/users\/3"}],"replies":[{"embeddable":true,"href":"https:\/\/www.altiplanico.cl\/pt-br\/wp-json\/wp\/v2\/comments?post=3608"}],"version-history":[{"count":0,"href":"https:\/\/www.altiplanico.cl\/pt-br\/wp-json\/wp\/v2\/pages\/3608\/revisions"}],"up":[{"embeddable":true,"href":"https:\/\/www.altiplanico.cl\/pt-br\/wp-json\/wp\/v2\/pages\/1443"}],"wp:featuredmedia":[{"embeddable":true,"href":"https:\/\/www.altiplanico.cl\/pt-br\/wp-json\/wp\/v2\/media\/3606"}],"wp:attachment":[{"href":"https:\/\/www.altiplanico.cl\/pt-br\/wp-json\/wp\/v2\/media?parent=3608"}],"curies":[{"name":"wp","href":"https:\/\/api.w.org\/{rel}","templated":true}]}}