{"id":1458,"date":"2012-06-26T16:48:06","date_gmt":"2012-06-26T16:48:06","guid":{"rendered":"http:\/\/www.altiplanico.cl\/?page_id=1458"},"modified":"2015-05-04T17:41:23","modified_gmt":"2015-05-04T17:41:23","slug":"reservas","status":"publish","type":"page","link":"https:\/\/www.altiplanico.cl\/pt-br\/altiplanico-puerto-natales\/reservas\/","title":{"rendered":"Reservas"},"content":{"rendered":"<p>[contact-form-7 id=&#8221;1642&#8243; title=&#8221;R-Pat-por&#8221;]<\/p>\n<div class=\"res-tips op-info3 corners-top corners-bot\">\n<h2>Desconto Multi-pass<\/h2>\n<p style=\"text-align: justify;\">Aproveite o desconto quando voc\u00ea reservar a mesma viagem em mais de um hotel da cadeia de hot\u00e9is Altipl\u00e1nico. Descontos para estadias:<\/p>\n<ul>\n<li>Dois Hot\u00e9is: 10%<\/li>\n<li>Tr\u00eas Hot\u00e9is: 15%<\/li>\n<li>Quatro Hot\u00e9is: 20%<\/li>\n<\/ul>\n<p><span style=\"font-size: 10px; color: #888888;\">*Desconto v\u00e1lido apenas para reservas com uma estadia m\u00ednima de dois dias em cada hotel.<\/span><br \/>\n<span style=\"font-size: 10px; color: #888888;\">*Desconto v\u00e1lido apenas para uma reserva. (As reservas efetuadas atrav\u00e9s de Multipass<\/span><\/p>\n<div class=\"boton\"><a href=\"\/pt-br\/reservas-multipass\/\">Reservar multi-pass<\/a><\/div>\n<\/div>\n<div class=\"res-tips op-info3 corners-top corners-bot\">\n<h2>Programas com Excurs\u00f5es<\/h2>\n<p style=\"text-align: justify;\">Se voc\u00ea quiser mais de sua viagem. Reserve seu programa com hospedagem no Hotel Altipl\u00e1nico. N\u00e3o se preocupe com a organiza\u00e7\u00e3o de sua viagem, apenas relaxe e deixe a Altipl\u00e1nico Discover fazer tudo para voc\u00ea.<\/p>\n<div class=\"boton\"><a href=\"\/altiplanico-puerto-natales\/programas-patagonia\/\">Ver los programas<\/a><\/div>\n<\/div>\n","protected":false},"excerpt":{"rendered":"<p>[contact-form-7 id=&#8221;1642&#8243; title=&#8221;R-Pat-por&#8221;] Desconto Multi-pass Aproveite o desconto quando voc\u00ea reservar a mesma viagem em mais de um hotel da cadeia de hot\u00e9is Altipl\u00e1nico. Descontos para estadias: Dois Hot\u00e9is: 10% Tr\u00eas Hot\u00e9is: 15% Quatro Hot\u00e9is: 20% *Desconto v\u00e1lido apenas para reservas com uma estadia m\u00ednima de dois dias em cada hotel. *Desconto v\u00e1lido apenas para [&hellip;]<\/p>\n","protected":false},"author":3,"featured_media":2374,"parent":1443,"menu_order":0,"comment_status":"closed","ping_status":"closed","template":"a-natales.php","meta":{"footnotes":""},"class_list":["post-1458","page","type-page","status-publish","has-post-thumbnail","hentry"],"_links":{"self":[{"href":"https:\/\/www.altiplanico.cl\/pt-br\/wp-json\/wp\/v2\/pages\/1458","targetHints":{"allow":["GET"]}}],"collection":[{"href":"https:\/\/www.altiplanico.cl\/pt-br\/wp-json\/wp\/v2\/pages"}],"about":[{"href":"https:\/\/www.altiplanico.cl\/pt-br\/wp-json\/wp\/v2\/types\/page"}],"author":[{"embeddable":true,"href":"https:\/\/www.altiplanico.cl\/pt-br\/wp-json\/wp\/v2\/users\/3"}],"replies":[{"embeddable":true,"href":"https:\/\/www.altiplanico.cl\/pt-br\/wp-json\/wp\/v2\/comments?post=1458"}],"version-history":[{"count":3,"href":"https:\/\/www.altiplanico.cl\/pt-br\/wp-json\/wp\/v2\/pages\/1458\/revisions"}],"predecessor-version":[{"id":1851,"href":"https:\/\/www.altiplanico.cl\/pt-br\/wp-json\/wp\/v2\/pages\/1458\/revisions\/1851"}],"up":[{"embeddable":true,"href":"https:\/\/www.altiplanico.cl\/pt-br\/wp-json\/wp\/v2\/pages\/1443"}],"wp:featuredmedia":[{"embeddable":true,"href":"https:\/\/www.altiplanico.cl\/pt-br\/wp-json\/wp\/v2\/media\/2374"}],"wp:attachment":[{"href":"https:\/\/www.altiplanico.cl\/pt-br\/wp-json\/wp\/v2\/media?parent=1458"}],"curies":[{"name":"wp","href":"https:\/\/api.w.org\/{rel}","templated":true}]}}