{"id":1449,"date":"2012-06-26T16:38:58","date_gmt":"2012-06-26T16:38:58","guid":{"rendered":"http:\/\/www.altiplanico.cl\/?page_id=1449"},"modified":"2021-09-08T19:01:14","modified_gmt":"2021-09-08T19:01:14","slug":"servicos","status":"publish","type":"page","link":"https:\/\/www.altiplanico.cl\/pt-br\/altiplanico-puerto-natales\/servicos\/","title":{"rendered":"Servi\u00e7os"},"content":{"rendered":"<p style=\"text-align: left;\">O hotel oferece v\u00e1rios servi\u00e7os, tais como:<\/p>\n<ul>\n<li>Telefone no quarto<\/li>\n<li>Cofre<\/li>\n<li>Servi\u00e7o de despertador<\/li>\n<li>Restaurante Bar<\/li>\n<li>Acesso gratuito \u00e0 Internet com Wi-fi<\/li>\n<li>Wi-Fi nos quartos<\/li>\n<li>Estacionamento<\/li>\n<li>Servi\u00e7o de lavanderia<\/li>\n<li>Sala habilitada para assistir a filmes<\/li>\n<\/ul>\n<p style=\"text-align: justify;\">N\u00f3s nos esfor\u00e7amos para oferecer um servi\u00e7o humano, ouvir o turista, bem como encontrar poss\u00edveis solu\u00e7\u00f5es para qualquer problema que possa surgir, mesmo que n\u00e3o seja relacionado com o servi\u00e7o de hotelaria. Na recep\u00e7\u00e3o h\u00e1 uma preocupa\u00e7\u00e3o constante em fazer o turista se sentir como se estivesse em casa, inclusive de proporcionar uma estadia acolhedora no hotel em todos os n\u00edveis. O conceito de pousada se baseia na ideia de que o turista \u00e9 um h\u00f3spede, portanto, ele deve se sentir bem-vindo por n\u00f3s.<\/p>\n<p style=\"text-align: justify;\"><span style=\"font-size: 16px;\">Restaurante<\/span><br \/>\nO restaurante est\u00e1 aberto \u00e0 noite, juntamente com o servi\u00e7o de bar e boa m\u00fasica para relaxar depois de o turista ser confrontado com o clima intenso da Patag\u00f4nia. Para comer, h\u00e1 dispon\u00edvel um card\u00e1pio exclusivo composto por entrada, prato principal, sobremesa e caf\u00e9, al\u00e9m de uma garrafa de vinho ou suco, todos servidos com requinte e eleg\u00e2ncia.<\/p>\n","protected":false},"excerpt":{"rendered":"<p>O hotel oferece v\u00e1rios servi\u00e7os, tais como: Telefone no quarto Cofre Servi\u00e7o de despertador Restaurante Bar Acesso gratuito \u00e0 Internet com Wi-fi Wi-Fi nos quartos Estacionamento Servi\u00e7o de lavanderia Sala habilitada para assistir a filmes N\u00f3s nos esfor\u00e7amos para oferecer um servi\u00e7o humano, ouvir o turista, bem como encontrar poss\u00edveis solu\u00e7\u00f5es para qualquer problema que [&hellip;]<\/p>\n","protected":false},"author":3,"featured_media":3184,"parent":1443,"menu_order":0,"comment_status":"closed","ping_status":"open","template":"a-natales.php","meta":{"footnotes":""},"class_list":["post-1449","page","type-page","status-publish","has-post-thumbnail","hentry"],"_links":{"self":[{"href":"https:\/\/www.altiplanico.cl\/pt-br\/wp-json\/wp\/v2\/pages\/1449","targetHints":{"allow":["GET"]}}],"collection":[{"href":"https:\/\/www.altiplanico.cl\/pt-br\/wp-json\/wp\/v2\/pages"}],"about":[{"href":"https:\/\/www.altiplanico.cl\/pt-br\/wp-json\/wp\/v2\/types\/page"}],"author":[{"embeddable":true,"href":"https:\/\/www.altiplanico.cl\/pt-br\/wp-json\/wp\/v2\/users\/3"}],"replies":[{"embeddable":true,"href":"https:\/\/www.altiplanico.cl\/pt-br\/wp-json\/wp\/v2\/comments?post=1449"}],"version-history":[{"count":5,"href":"https:\/\/www.altiplanico.cl\/pt-br\/wp-json\/wp\/v2\/pages\/1449\/revisions"}],"predecessor-version":[{"id":3185,"href":"https:\/\/www.altiplanico.cl\/pt-br\/wp-json\/wp\/v2\/pages\/1449\/revisions\/3185"}],"up":[{"embeddable":true,"href":"https:\/\/www.altiplanico.cl\/pt-br\/wp-json\/wp\/v2\/pages\/1443"}],"wp:featuredmedia":[{"embeddable":true,"href":"https:\/\/www.altiplanico.cl\/pt-br\/wp-json\/wp\/v2\/media\/3184"}],"wp:attachment":[{"href":"https:\/\/www.altiplanico.cl\/pt-br\/wp-json\/wp\/v2\/media?parent=1449"}],"curies":[{"name":"wp","href":"https:\/\/api.w.org\/{rel}","templated":true}]}}