{"id":1447,"date":"2012-06-26T16:36:45","date_gmt":"2012-06-26T16:36:45","guid":{"rendered":"http:\/\/www.altiplanico.cl\/?page_id=1447"},"modified":"2015-05-04T17:41:21","modified_gmt":"2015-05-04T17:41:21","slug":"quartos","status":"publish","type":"page","link":"https:\/\/www.altiplanico.cl\/pt-br\/altiplanico-puerto-natales\/quartos\/","title":{"rendered":"Quartos"},"content":{"rendered":"<p style=\"text-align: justify;\">H\u00e1 vinte e dois quartos espa\u00e7osos, nomeadamente duplos, triplos e para casais, todos com vistas espetaculares sobre \u00daltima Esperan\u00e7a. Cada um tem um telefone, cofre, banheiro privado, WiFi e aquecimento central. O conceito privilegia a beleza sobre o luxo, pois a decora\u00e7\u00e3o \u00e9 simples, elegante e acolhedora.<\/p>\n<p style=\"text-align: justify;\">Nos quartos, o objetivo \u00e9 claro &#8211; o turista deve ser capaz de estar em sil\u00eancio, com uma vista privilegiada, inclusive de ter um belo espa\u00e7o privado. Embora o design b\u00e1sico e a vista sejam iguais, cada quarto est\u00e1 decorado de forma diferente para que o turista se sinta como se estivesse em sua casa, n\u00e3o em um hotel.<\/p>\n<div class=\"alt-gallery\"><a class=\"alt-gallery-item\" href=\"\/wp-content\/gallery\/natales-hab\/Hotel-Altiplanico-Puerto-Natales_2_01.jpg\" data-lightbox=\"alt-gallery\"><img decoding=\"async\" src=\"\/wp-content\/gallery\/natales-hab\/Hotel-Altiplanico-Puerto-Natales_2_01.jpg\" alt=\"Hotel-Altiplanico-Puerto-Natales_2_01\" loading=\"lazy\"><\/a><a class=\"alt-gallery-item\" href=\"\/wp-content\/gallery\/natales-hab\/Hotel-Altiplanico-Puerto-Natales_2_03.jpg\" data-lightbox=\"alt-gallery\"><img decoding=\"async\" src=\"\/wp-content\/gallery\/natales-hab\/Hotel-Altiplanico-Puerto-Natales_2_03.jpg\" alt=\"Hotel-Altiplanico-Puerto-Natales_2_03\" loading=\"lazy\"><\/a><a class=\"alt-gallery-item\" href=\"\/wp-content\/gallery\/natales-hab\/Hotel-Altiplanico-Puerto-Natales_2_05.jpg\" data-lightbox=\"alt-gallery\"><img decoding=\"async\" src=\"\/wp-content\/gallery\/natales-hab\/Hotel-Altiplanico-Puerto-Natales_2_05.jpg\" alt=\"Hotel-Altiplanico-Puerto-Natales_2_05\" loading=\"lazy\"><\/a><a class=\"alt-gallery-item\" href=\"\/wp-content\/gallery\/natales-hab\/Hotel-Altiplanico-Puerto-Natales_2_06.jpg\" data-lightbox=\"alt-gallery\"><img decoding=\"async\" src=\"\/wp-content\/gallery\/natales-hab\/Hotel-Altiplanico-Puerto-Natales_2_06.jpg\" alt=\"Hotel-Altiplanico-Puerto-Natales_2_06\" loading=\"lazy\"><\/a><a class=\"alt-gallery-item\" href=\"\/wp-content\/gallery\/natales-hab\/Hotel-Altiplanico-Puerto-Natales_2_07.jpg\" data-lightbox=\"alt-gallery\"><img decoding=\"async\" src=\"\/wp-content\/gallery\/natales-hab\/Hotel-Altiplanico-Puerto-Natales_2_07.jpg\" alt=\"Hotel-Altiplanico-Puerto-Natales_2_07\" loading=\"lazy\"><\/a><a class=\"alt-gallery-item\" href=\"\/wp-content\/gallery\/natales-hab\/Hotel-Altiplanico-Puerto-Natales_2_08.jpg\" data-lightbox=\"alt-gallery\"><img decoding=\"async\" src=\"\/wp-content\/gallery\/natales-hab\/Hotel-Altiplanico-Puerto-Natales_2_08.jpg\" alt=\"Hotel-Altiplanico-Puerto-Natales_2_08\" loading=\"lazy\"><\/a><a class=\"alt-gallery-item\" href=\"\/wp-content\/gallery\/natales-hab\/Hotel-Altiplanico-Puerto-Natales_2_09.jpg\" data-lightbox=\"alt-gallery\"><img decoding=\"async\" src=\"\/wp-content\/gallery\/natales-hab\/Hotel-Altiplanico-Puerto-Natales_2_09.jpg\" alt=\"Hotel-Altiplanico-Puerto-Natales_2_09\" loading=\"lazy\"><\/a><a class=\"alt-gallery-item\" href=\"\/wp-content\/gallery\/natales-hab\/Hotel-Altiplanico-Puerto-Natales_2_11.jpg\" data-lightbox=\"alt-gallery\"><img decoding=\"async\" src=\"\/wp-content\/gallery\/natales-hab\/Hotel-Altiplanico-Puerto-Natales_2_11.jpg\" alt=\"Hotel-Altiplanico-Puerto-Natales_2_11\" loading=\"lazy\"><\/a><a class=\"alt-gallery-item\" href=\"\/wp-content\/gallery\/natales-hab\/Hotel-Altiplanico-Puerto-Natales_2_13.jpg\" data-lightbox=\"alt-gallery\"><img decoding=\"async\" src=\"\/wp-content\/gallery\/natales-hab\/Hotel-Altiplanico-Puerto-Natales_2_13.jpg\" alt=\"Hotel-Altiplanico-Puerto-Natales_2_13\" loading=\"lazy\"><\/a><a class=\"alt-gallery-item\" href=\"\/wp-content\/gallery\/natales-hab\/Hotel-Altiplanico-Puerto-Natales_2_14.jpg\" data-lightbox=\"alt-gallery\"><img decoding=\"async\" src=\"\/wp-content\/gallery\/natales-hab\/Hotel-Altiplanico-Puerto-Natales_2_14.jpg\" alt=\"Hotel-Altiplanico-Puerto-Natales_2_14\" loading=\"lazy\"><\/a><a class=\"alt-gallery-item\" href=\"\/wp-content\/gallery\/natales-hab\/PATAGONIA_ROOMS_001.jpg\" data-lightbox=\"alt-gallery\"><img decoding=\"async\" src=\"\/wp-content\/gallery\/natales-hab\/PATAGONIA_ROOMS_001.jpg\" alt=\"PATAGONIA_ROOMS_001\" loading=\"lazy\"><\/a><a class=\"alt-gallery-item\" href=\"\/wp-content\/gallery\/natales-hab\/PATAGONIA_ROOMS_002.jpg\" data-lightbox=\"alt-gallery\"><img decoding=\"async\" src=\"\/wp-content\/gallery\/natales-hab\/PATAGONIA_ROOMS_002.jpg\" alt=\"PATAGONIA_ROOMS_002\" loading=\"lazy\"><\/a><a class=\"alt-gallery-item\" href=\"\/wp-content\/gallery\/natales-hab\/PATAGONIA_ROOMS_025.jpg\" data-lightbox=\"alt-gallery\"><img decoding=\"async\" src=\"\/wp-content\/gallery\/natales-hab\/PATAGONIA_ROOMS_025.jpg\" alt=\"PATAGONIA_ROOMS_025\" loading=\"lazy\"><\/a><\/div>\n","protected":false},"excerpt":{"rendered":"<p>H\u00e1 vinte e dois quartos espa\u00e7osos, nomeadamente duplos, triplos e para casais, todos com vistas espetaculares sobre \u00daltima Esperan\u00e7a. Cada um tem um telefone, cofre, banheiro privado, WiFi e aquecimento central. O conceito privilegia a beleza sobre o luxo, pois a decora\u00e7\u00e3o \u00e9 simples, elegante e acolhedora. Nos quartos, o objetivo \u00e9 claro &#8211; o [&hellip;]<\/p>\n","protected":false},"author":3,"featured_media":3171,"parent":1443,"menu_order":0,"comment_status":"closed","ping_status":"open","template":"a-natales.php","meta":{"footnotes":""},"class_list":["post-1447","page","type-page","status-publish","has-post-thumbnail","hentry"],"_links":{"self":[{"href":"https:\/\/www.altiplanico.cl\/pt-br\/wp-json\/wp\/v2\/pages\/1447","targetHints":{"allow":["GET"]}}],"collection":[{"href":"https:\/\/www.altiplanico.cl\/pt-br\/wp-json\/wp\/v2\/pages"}],"about":[{"href":"https:\/\/www.altiplanico.cl\/pt-br\/wp-json\/wp\/v2\/types\/page"}],"author":[{"embeddable":true,"href":"https:\/\/www.altiplanico.cl\/pt-br\/wp-json\/wp\/v2\/users\/3"}],"replies":[{"embeddable":true,"href":"https:\/\/www.altiplanico.cl\/pt-br\/wp-json\/wp\/v2\/comments?post=1447"}],"version-history":[{"count":3,"href":"https:\/\/www.altiplanico.cl\/pt-br\/wp-json\/wp\/v2\/pages\/1447\/revisions"}],"predecessor-version":[{"id":2171,"href":"https:\/\/www.altiplanico.cl\/pt-br\/wp-json\/wp\/v2\/pages\/1447\/revisions\/2171"}],"up":[{"embeddable":true,"href":"https:\/\/www.altiplanico.cl\/pt-br\/wp-json\/wp\/v2\/pages\/1443"}],"wp:featuredmedia":[{"embeddable":true,"href":"https:\/\/www.altiplanico.cl\/pt-br\/wp-json\/wp\/v2\/media\/3171"}],"wp:attachment":[{"href":"https:\/\/www.altiplanico.cl\/pt-br\/wp-json\/wp\/v2\/media?parent=1447"}],"curies":[{"name":"wp","href":"https:\/\/api.w.org\/{rel}","templated":true}]}}