{"id":1443,"date":"2012-06-26T16:33:38","date_gmt":"2012-06-26T16:33:38","guid":{"rendered":"http:\/\/www.altiplanico.cl\/?page_id=1443"},"modified":"2026-04-13T20:02:33","modified_gmt":"2026-04-13T20:02:33","slug":"altiplanico-puerto-natales","status":"publish","type":"page","link":"https:\/\/www.altiplanico.cl\/pt-br\/altiplanico-puerto-natales\/","title":{"rendered":"Altiplanico Puerto Natales"},"content":{"rendered":"<p>A uma hora de Torres de Paine est\u00e1 o hotel Altipl\u00e1nico em Puerto Natales. A natureza \u00e9 a principal protagonista do Altipl\u00e1nico Sul. O hotel combina com o meio ambiente gra\u00e7as aos materiais naturais inclu\u00eddos em sua fachada exterior. Neste projeto, bem como no resto dos hot\u00e9is Altipl\u00e1nico, foi privilegiada a est\u00e9tica sobre o luxo, utilizando materiais locais para a constru\u00e7\u00e3o e decora\u00e7\u00e3o.<\/p>\n<div class=\"embed-container\"><iframe loading=\"lazy\" title=\"Altipl\u00e1nico Puerto Natales\" width=\"640\" height=\"360\" src=\"https:\/\/www.youtube.com\/embed\/bpvBaeZ1Q_U?feature=oembed\" frameborder=\"0\" allow=\"accelerometer; autoplay; clipboard-write; encrypted-media; gyroscope; picture-in-picture; web-share\" referrerpolicy=\"strict-origin-when-cross-origin\" allowfullscreen><\/iframe><\/div>\n<p>Assim, os telhados est\u00e3o cobertos com grama e as paredes com turfa vegetal, dando uma sensa\u00e7\u00e3o de o hotel estar inserido na encosta da colina, dando a este uma apar\u00eancia org\u00e2nica. No interior, determinadas madeiras locais foram utilizadas, tais como o cipreste das Guaitecas, proporcionando um perfume requintado e exclusivo ao hotel. A decora\u00e7\u00e3o \u00e9 simples, bela e ressalta a beleza local.<\/p>\n","protected":false},"excerpt":{"rendered":"<p>A uma hora de Torres de Paine est\u00e1 o hotel Altipl\u00e1nico em Puerto Natales. A natureza \u00e9 a principal protagonista do Altipl\u00e1nico Sul. O hotel combina com o meio ambiente gra\u00e7as aos materiais naturais inclu\u00eddos em sua fachada exterior. Neste projeto, bem como no resto dos hot\u00e9is Altipl\u00e1nico, foi privilegiada a est\u00e9tica sobre o luxo, [&hellip;]<\/p>\n","protected":false},"author":3,"featured_media":2916,"parent":0,"menu_order":0,"comment_status":"closed","ping_status":"open","template":"a-natales.php","meta":{"footnotes":""},"class_list":["post-1443","page","type-page","status-publish","has-post-thumbnail","hentry"],"_links":{"self":[{"href":"https:\/\/www.altiplanico.cl\/pt-br\/wp-json\/wp\/v2\/pages\/1443","targetHints":{"allow":["GET"]}}],"collection":[{"href":"https:\/\/www.altiplanico.cl\/pt-br\/wp-json\/wp\/v2\/pages"}],"about":[{"href":"https:\/\/www.altiplanico.cl\/pt-br\/wp-json\/wp\/v2\/types\/page"}],"author":[{"embeddable":true,"href":"https:\/\/www.altiplanico.cl\/pt-br\/wp-json\/wp\/v2\/users\/3"}],"replies":[{"embeddable":true,"href":"https:\/\/www.altiplanico.cl\/pt-br\/wp-json\/wp\/v2\/comments?post=1443"}],"version-history":[{"count":5,"href":"https:\/\/www.altiplanico.cl\/pt-br\/wp-json\/wp\/v2\/pages\/1443\/revisions"}],"predecessor-version":[{"id":7735,"href":"https:\/\/www.altiplanico.cl\/pt-br\/wp-json\/wp\/v2\/pages\/1443\/revisions\/7735"}],"wp:featuredmedia":[{"embeddable":true,"href":"https:\/\/www.altiplanico.cl\/pt-br\/wp-json\/wp\/v2\/media\/2916"}],"wp:attachment":[{"href":"https:\/\/www.altiplanico.cl\/pt-br\/wp-json\/wp\/v2\/media?parent=1443"}],"curies":[{"name":"wp","href":"https:\/\/api.w.org\/{rel}","templated":true}]}}