{"id":1417,"date":"2012-06-26T16:08:36","date_gmt":"2012-06-26T16:08:36","guid":{"rendered":"http:\/\/www.altiplanico.cl\/?page_id=1417"},"modified":"2015-05-04T17:44:06","modified_gmt":"2015-05-04T17:44:06","slug":"iniciacao","status":"publish","type":"page","link":"https:\/\/www.altiplanico.cl\/pt-br\/","title":{"rendered":"Inicia\u00e7\u00e3o"},"content":{"rendered":"<p style=\"text-align: justify;\">Nosso conceito para todos os hot\u00e9is Altipl\u00e1nico \u00e9 fornecer o m\u00e1ximo poss\u00edvel de hospitalidade, com base na ideia de pousada, de forma simp\u00e1tica e respeitosa para com a natureza. A arquitetura se inclina perante a natureza e combina com ela.<\/p>\n<p style=\"text-align: justify;\">Os hot\u00e9is t\u00eam um design interior de excelente qualidade, o qual favorece a beleza como luxo principal, de forma honesta, simples e pura. Isto, combinado com um servi\u00e7o personalizado, proporciona ao turista uma sensa\u00e7\u00e3o de familiaridade, o fazendo sentir como se estivesse em sua pr\u00f3pria casa.<\/p>\n<p style=\"text-align: justify;\">Trabalhamos para recuperar as ra\u00edzes locais que enfatizam o respeito pelo meio ambiente, j\u00e1 que os costumes antigos se baseiam na comunh\u00e3o com a natureza. O objetivo, desta forma, \u00e9 colocar o turista em um cen\u00e1rio natural e antigo, o permitindo diferenciar sua experi\u00eancia como \u00fanica, inclusive para que cada destino seja \u00fanico.<\/p>\n","protected":false},"excerpt":{"rendered":"<p>Nosso conceito para todos os hot\u00e9is Altipl\u00e1nico \u00e9 fornecer o m\u00e1ximo poss\u00edvel de hospitalidade, com base na ideia de pousada, de forma simp\u00e1tica e respeitosa para com a natureza. A arquitetura se inclina perante a natureza e combina com ela. Os hot\u00e9is t\u00eam um design interior de excelente qualidade, o qual favorece a beleza como [&hellip;]<\/p>\n","protected":false},"author":3,"featured_media":2912,"parent":0,"menu_order":0,"comment_status":"closed","ping_status":"open","template":"a-inicio.php","meta":{"footnotes":""},"class_list":["post-1417","page","type-page","status-publish","has-post-thumbnail","hentry"],"_links":{"self":[{"href":"https:\/\/www.altiplanico.cl\/pt-br\/wp-json\/wp\/v2\/pages\/1417","targetHints":{"allow":["GET"]}}],"collection":[{"href":"https:\/\/www.altiplanico.cl\/pt-br\/wp-json\/wp\/v2\/pages"}],"about":[{"href":"https:\/\/www.altiplanico.cl\/pt-br\/wp-json\/wp\/v2\/types\/page"}],"author":[{"embeddable":true,"href":"https:\/\/www.altiplanico.cl\/pt-br\/wp-json\/wp\/v2\/users\/3"}],"replies":[{"embeddable":true,"href":"https:\/\/www.altiplanico.cl\/pt-br\/wp-json\/wp\/v2\/comments?post=1417"}],"version-history":[{"count":4,"href":"https:\/\/www.altiplanico.cl\/pt-br\/wp-json\/wp\/v2\/pages\/1417\/revisions"}],"predecessor-version":[{"id":1939,"href":"https:\/\/www.altiplanico.cl\/pt-br\/wp-json\/wp\/v2\/pages\/1417\/revisions\/1939"}],"wp:featuredmedia":[{"embeddable":true,"href":"https:\/\/www.altiplanico.cl\/pt-br\/wp-json\/wp\/v2\/media\/2912"}],"wp:attachment":[{"href":"https:\/\/www.altiplanico.cl\/pt-br\/wp-json\/wp\/v2\/media?parent=1417"}],"curies":[{"name":"wp","href":"https:\/\/api.w.org\/{rel}","templated":true}]}}