{"id":1373,"date":"2012-06-26T14:57:53","date_gmt":"2012-06-26T14:57:53","guid":{"rendered":"http:\/\/www.altiplanico.cl\/?page_id=1373"},"modified":"2025-08-19T16:54:37","modified_gmt":"2025-08-19T16:54:37","slug":"contato","status":"publish","type":"page","link":"https:\/\/www.altiplanico.cl\/pt-br\/contato\/","title":{"rendered":"Contato"},"content":{"rendered":"<h4>Obrigado por seu interesse no Altipl\u00e1nico. Se voc\u00ea tiver alguma pergunta, coment\u00e1rio ou informa\u00e7\u00e3o sobre algum dos hot\u00e9is e\/ou servi\u00e7os que oferecemos, ficaremos felizes em ajudar voc\u00ea. Voc\u00ea pode estabelecer contato via telefone, inclusive enviar correio normal para nossa sede em Santiago do Chile ou diretamente para os hot\u00e9is:<\/h4>\n<h2>Altiplanico Santiago (Bellas Artes):<\/h2>\n<p><strong>Reservas:<\/strong> +56-9-56603836 \/ &#x72;&#x65;&#115;e&#x72;&#x76;&#x61;&#115;s&#x61;&#x6e;&#x74;&#105;a&#x67;&#x6f;&#x40;&#97;l&#x74;&#x69;&#x70;&#108;a&#x6e;&#x69;&#x63;&#111;&#46;&#x63;&#x6c;<br \/>\n<strong>Hotel:<\/strong> +56-2-29557747 \/recepcionsantiago@altiplanico.<wbr>cl<br \/>\nEndere\u00e7o: Santo Domingo 526, Santiago, Chile<\/p>\n<h2>Altiplanico Patagonia:<\/h2>\n<p><strong>Reservas:<\/strong> +56-9-56603836 \/ &#x61;&#108;&#x74;&#x69;&#112;&#x6c;&#97;n&#x69;&#99;o&#x73;&#117;r&#x40;&#97;l&#x74;&#105;&#x70;&#x6c;&#97;&#x6e;&#x69;&#99;&#x6f;&#46;c&#x6c;<br \/>\n<strong>Email:<\/strong> &#x6c;o&#x72;&#101;&#x6e;&#97;&#x40;&#x61;l&#x74;&#105;&#x70;&#108;&#x61;&#110;i&#x63;&#111;&#x2e;&#99;&#x6c;<br \/>\nEndere\u00e7o: El Huerto 282, Puerto Natales<\/p>\n<h2>Altiplanico Caj\u00f3n del Maipo:<\/h2>\n<p><strong>Reservas:<\/strong>&nbsp;+56-2-28612078,&nbsp;+56-9-54079725 \/ r&#101;&#x73;&#x65;&#x72;v&#97;&#x73;&#x40;&#x61;l&#116;&#x69;&#x70;&#x6c;a&#110;&#x69;&#x63;&#x6f;c&#97;&#x6a;&#x6f;&#x6e;d&#101;&#x6c;&#x6d;&#x61;i&#112;&#x6f;&#x2e;&#x63;l<br \/>\n<strong>Hotel:<\/strong> +56-2-28612078, +56-9-54079725 \/<br \/>\nEndere\u00e7o: Camino al Volc\u00e1n 29955, San Jos\u00e9 de Maipo<\/p>\n<h2>Altiplanico Isla de Pascua:<\/h2>\n<p><strong>Contato:<\/strong> <a href=\"https:\/\/altiplanicorapanui.cl\">https:\/\/altiplanicorapanui.cl<\/a><\/p>\n","protected":false},"excerpt":{"rendered":"<p>Obrigado por seu interesse no Altipl\u00e1nico. Se voc\u00ea tiver alguma pergunta, coment\u00e1rio ou informa\u00e7\u00e3o sobre algum dos hot\u00e9is e\/ou servi\u00e7os que oferecemos, ficaremos felizes em ajudar voc\u00ea. Voc\u00ea pode estabelecer contato via telefone, inclusive enviar correio normal para nossa sede em Santiago do Chile ou diretamente para os hot\u00e9is: Altiplanico Santiago (Bellas Artes): Reservas: +56-9-56603836 [&hellip;]<\/p>\n","protected":false},"author":3,"featured_media":2926,"parent":0,"menu_order":0,"comment_status":"closed","ping_status":"open","template":"a-general.php","meta":{"footnotes":""},"class_list":["post-1373","page","type-page","status-publish","has-post-thumbnail","hentry"],"_links":{"self":[{"href":"https:\/\/www.altiplanico.cl\/pt-br\/wp-json\/wp\/v2\/pages\/1373","targetHints":{"allow":["GET"]}}],"collection":[{"href":"https:\/\/www.altiplanico.cl\/pt-br\/wp-json\/wp\/v2\/pages"}],"about":[{"href":"https:\/\/www.altiplanico.cl\/pt-br\/wp-json\/wp\/v2\/types\/page"}],"author":[{"embeddable":true,"href":"https:\/\/www.altiplanico.cl\/pt-br\/wp-json\/wp\/v2\/users\/3"}],"replies":[{"embeddable":true,"href":"https:\/\/www.altiplanico.cl\/pt-br\/wp-json\/wp\/v2\/comments?post=1373"}],"version-history":[{"count":19,"href":"https:\/\/www.altiplanico.cl\/pt-br\/wp-json\/wp\/v2\/pages\/1373\/revisions"}],"predecessor-version":[{"id":7696,"href":"https:\/\/www.altiplanico.cl\/pt-br\/wp-json\/wp\/v2\/pages\/1373\/revisions\/7696"}],"wp:featuredmedia":[{"embeddable":true,"href":"https:\/\/www.altiplanico.cl\/pt-br\/wp-json\/wp\/v2\/media\/2926"}],"wp:attachment":[{"href":"https:\/\/www.altiplanico.cl\/pt-br\/wp-json\/wp\/v2\/media?parent=1373"}],"curies":[{"name":"wp","href":"https:\/\/api.w.org\/{rel}","templated":true}]}}