{"id":1364,"date":"2012-06-26T14:44:50","date_gmt":"2012-06-26T14:44:50","guid":{"rendered":"http:\/\/www.altiplanico.cl\/?page_id=1364"},"modified":"2015-05-04T17:44:48","modified_gmt":"2015-05-04T17:44:48","slug":"quem-somos","status":"publish","type":"page","link":"https:\/\/www.altiplanico.cl\/pt-br\/quem-somos\/","title":{"rendered":"Quem Somos"},"content":{"rendered":"<h2>SUSTENTABILIDADE<\/h2>\n<p style=\"text-align: justify;\">Os Hot\u00e9is Altipl\u00e1nico sempre tiveram como prioridade o desenvolvimento do turismo sustent\u00e1vel.<\/p>\n<h2 style=\"text-align: justify;\">Arquitetura<\/h2>\n<p style=\"text-align: justify;\">A arquitetura de cada um dos destinos procura introduzir a paisagem natural. Foram utilizados materiais locais e organizadas formas que se misturam com o meio ambiente. Por exemplo, o Hotel de Puerto Natales utiliza telhados de grama, os quais se incrustam com o meio ambiente, tanto que a partir do exterior \u00e9 dif\u00edcil de distinguir. Em S\u00e3o Pedro de Atacama e Rapa Nui, a inspira\u00e7\u00e3o vem das constru\u00e7\u00f5es t\u00edpicas da regi\u00e3o.<\/p>\n<h2 style=\"text-align: justify;\">Comunidades<\/h2>\n<p style=\"text-align: justify;\">Sempre pretendemos criar la\u00e7os com as comunidades, focando nossa aten\u00e7\u00e3o no desenvolvimento em longo prazo. N\u00f3s &#8220;n\u00e3o estamos de passagem&#8221;, apenas queremos que os lugares cres\u00e7am conosco. Especialmente nos casos de Rapa Nui e S\u00e3o Pedro de Atacama, nos quais trabalhamos com as comunidades ind\u00edgenas. Na Ilha de P\u00e1scoa, um lugar especial \u00e9 \u201cPascuense\u201d. Por outro lado, em todos os hot\u00e9is, a maioria do pessoal \u00e9 nativa.<\/p>\n<h2 style=\"text-align: justify;\">Meio Ambiente<\/h2>\n<p style=\"text-align: justify;\">Esfor\u00e7os s\u00e3o aplicados para que todos os nossos hot\u00e9is sejam amigos do meio ambiente. Queremos um mundo melhor para nossos filhos. \u00c9 por isso que utilizamos a energia solar nos hot\u00e9is de Atacama e Ilha de P\u00e1scoa para aquecer a \u00e1gua. Al\u00e9m disso, todos os hot\u00e9is est\u00e3o mudando para as luzes LED. A arquitetura \u00e9 nossa aliada.<\/p>\n","protected":false},"excerpt":{"rendered":"<p>SUSTENTABILIDADE Os Hot\u00e9is Altipl\u00e1nico sempre tiveram como prioridade o desenvolvimento do turismo sustent\u00e1vel. Arquitetura A arquitetura de cada um dos destinos procura introduzir a paisagem natural. Foram utilizados materiais locais e organizadas formas que se misturam com o meio ambiente. Por exemplo, o Hotel de Puerto Natales utiliza telhados de grama, os quais se incrustam [&hellip;]<\/p>\n","protected":false},"author":3,"featured_media":2922,"parent":0,"menu_order":0,"comment_status":"closed","ping_status":"open","template":"a-general.php","meta":{"footnotes":""},"class_list":["post-1364","page","type-page","status-publish","has-post-thumbnail","hentry"],"_links":{"self":[{"href":"https:\/\/www.altiplanico.cl\/pt-br\/wp-json\/wp\/v2\/pages\/1364","targetHints":{"allow":["GET"]}}],"collection":[{"href":"https:\/\/www.altiplanico.cl\/pt-br\/wp-json\/wp\/v2\/pages"}],"about":[{"href":"https:\/\/www.altiplanico.cl\/pt-br\/wp-json\/wp\/v2\/types\/page"}],"author":[{"embeddable":true,"href":"https:\/\/www.altiplanico.cl\/pt-br\/wp-json\/wp\/v2\/users\/3"}],"replies":[{"embeddable":true,"href":"https:\/\/www.altiplanico.cl\/pt-br\/wp-json\/wp\/v2\/comments?post=1364"}],"version-history":[{"count":6,"href":"https:\/\/www.altiplanico.cl\/pt-br\/wp-json\/wp\/v2\/pages\/1364\/revisions"}],"predecessor-version":[{"id":2379,"href":"https:\/\/www.altiplanico.cl\/pt-br\/wp-json\/wp\/v2\/pages\/1364\/revisions\/2379"}],"wp:featuredmedia":[{"embeddable":true,"href":"https:\/\/www.altiplanico.cl\/pt-br\/wp-json\/wp\/v2\/media\/2922"}],"wp:attachment":[{"href":"https:\/\/www.altiplanico.cl\/pt-br\/wp-json\/wp\/v2\/media?parent=1364"}],"curies":[{"name":"wp","href":"https:\/\/api.w.org\/{rel}","templated":true}]}}